{"id":6658,"date":"2026-04-07T14:43:11","date_gmt":"2026-04-07T14:43:11","guid":{"rendered":"https:\/\/greenvista.shop\/?page_id=6658"},"modified":"2026-04-07T14:43:12","modified_gmt":"2026-04-07T14:43:12","slug":"isencao-de-responsabilidade","status":"publish","type":"page","link":"https:\/\/greenvista.shop\/pt\/isencao-de-responsabilidade\/","title":{"rendered":"Isen\u00e7\u00e3o de Responsabilidade"},"content":{"rendered":"\n<p>O conte\u00fado publicado no <strong>Green Vista<\/strong> tem car\u00e1ter <strong>informativo e educacional<\/strong>.<\/p>\n\n\n\n<p>Embora nos esforcemos para fornecer informa\u00e7\u00f5es precisas:<\/p>\n\n\n\n<ul class=\"wp-block-list\">\n<li>pre\u00e7os<\/li>\n\n\n\n<li>disponibilidade<\/li>\n\n\n\n<li>especifica\u00e7\u00f5es<\/li>\n<\/ul>\n\n\n\n<p>podem mudar sem aviso pr\u00e9vio nas plataformas externas.<\/p>\n\n\n\n<p>O Green Vista <strong>n\u00e3o vende produtos diretamente<\/strong>.<\/p>\n\n\n\n<p>Todas as compras s\u00e3o realizadas em plataformas terceiras como Amazon, Mercado Livre, Shopee e Hotmart.<\/p>\n","protected":false},"excerpt":{"rendered":"<p>O conte\u00fado publicado no Green Vista tem car\u00e1ter informativo e educacional. Embora nos esforcemos para fornecer informa\u00e7\u00f5es precisas: pre\u00e7os disponibilidade especifica\u00e7\u00f5es podem mudar sem aviso pr\u00e9vio nas plataformas externas. O Green Vista n\u00e3o vende produtos diretamente. Todas as compras s\u00e3o realizadas em plataformas terceiras como Amazon, Mercado Livre, Shopee e Hotmart.<\/p>\n","protected":false},"author":1,"featured_media":0,"parent":0,"menu_order":0,"comment_status":"closed","ping_status":"closed","template":"","meta":{"_exactmetrics_skip_tracking":false,"_exactmetrics_sitenote_active":false,"_exactmetrics_sitenote_note":"","_exactmetrics_sitenote_category":0,"footnotes":""},"class_list":["post-6658","page","type-page","status-publish","hentry"],"blog_post_layout_featured_media_urls":{"thumbnail":"","full":""},"categories_names":null,"comments_number":"0","wpmagazine_modules_lite_featured_media_urls":{"thumbnail":"","cvmm-medium":"","cvmm-medium-plus":"","cvmm-portrait":"","cvmm-medium-square":"","cvmm-large":"","cvmm-small":"","full":""},"_links":{"self":[{"href":"https:\/\/greenvista.shop\/pt\/wp-json\/wp\/v2\/pages\/6658","targetHints":{"allow":["GET"]}}],"collection":[{"href":"https:\/\/greenvista.shop\/pt\/wp-json\/wp\/v2\/pages"}],"about":[{"href":"https:\/\/greenvista.shop\/pt\/wp-json\/wp\/v2\/types\/page"}],"author":[{"embeddable":true,"href":"https:\/\/greenvista.shop\/pt\/wp-json\/wp\/v2\/users\/1"}],"replies":[{"embeddable":true,"href":"https:\/\/greenvista.shop\/pt\/wp-json\/wp\/v2\/comments?post=6658"}],"version-history":[{"count":1,"href":"https:\/\/greenvista.shop\/pt\/wp-json\/wp\/v2\/pages\/6658\/revisions"}],"predecessor-version":[{"id":6662,"href":"https:\/\/greenvista.shop\/pt\/wp-json\/wp\/v2\/pages\/6658\/revisions\/6662"}],"wp:attachment":[{"href":"https:\/\/greenvista.shop\/pt\/wp-json\/wp\/v2\/media?parent=6658"}],"curies":[{"name":"wp","href":"https:\/\/api.w.org\/{rel}","templated":true}]}}