{"id":6653,"date":"2026-04-07T14:42:26","date_gmt":"2026-04-07T14:42:26","guid":{"rendered":"https:\/\/greenvista.shop\/?page_id=6653"},"modified":"2026-04-07T14:42:27","modified_gmt":"2026-04-07T14:42:27","slug":"quem-somos","status":"publish","type":"page","link":"https:\/\/greenvista.shop\/pt\/quem-somos\/","title":{"rendered":"Quem Somos"},"content":{"rendered":"\n<p>O <strong>Green Vista<\/strong> \u00e9 um portal independente dedicado \u00e0 publica\u00e7\u00e3o de:<\/p>\n\n\n\n<ul class=\"wp-block-list\">\n<li>an\u00e1lises de produtos<\/li>\n\n\n\n<li>comparativos<\/li>\n\n\n\n<li>guias de compra<\/li>\n\n\n\n<li>recomenda\u00e7\u00f5es tecnol\u00f3gicas<\/li>\n<\/ul>\n\n\n\n<p>Nosso objetivo \u00e9 ajudar consumidores a tomarem decis\u00f5es informadas antes de adquirir produtos online.<\/p>\n\n\n\n<p><strong>Nichos abordados<\/strong><\/p>\n\n\n\n<p>Atualmente cobrimos temas como:<\/p>\n\n\n\n<ul class=\"wp-block-list\">\n<li>DIY e ferramentas<\/li>\n\n\n\n<li>eletr\u00f4nicos e tecnologia<\/li>\n\n\n\n<li>produtos para casa<\/li>\n\n\n\n<li>escrit\u00f3rio e produtividade<\/li>\n<\/ul>\n\n\n\n<p>Com o crescimento do site, novos nichos poder\u00e3o ser adicionados.<\/p>\n\n\n\n<p><strong>Nossa miss\u00e3o<\/strong><\/p>\n\n\n\n<p>Fornecer <strong>conte\u00fado claro, honesto e \u00fatil<\/strong> que ajude o consumidor a encontrar os melhores produtos dispon\u00edveis no mercado.<\/p>\n","protected":false},"excerpt":{"rendered":"<p>O Green Vista \u00e9 um portal independente dedicado \u00e0 publica\u00e7\u00e3o de: an\u00e1lises de produtos comparativos guias de compra recomenda\u00e7\u00f5es tecnol\u00f3gicas Nosso objetivo \u00e9 ajudar consumidores a tomarem decis\u00f5es informadas antes de adquirir produtos online. Nichos abordados Atualmente cobrimos temas como: DIY e ferramentas eletr\u00f4nicos e tecnologia produtos para casa escrit\u00f3rio e produtividade Com o crescimento [&hellip;]<\/p>\n","protected":false},"author":1,"featured_media":0,"parent":0,"menu_order":0,"comment_status":"closed","ping_status":"closed","template":"","meta":{"_exactmetrics_skip_tracking":false,"_exactmetrics_sitenote_active":false,"_exactmetrics_sitenote_note":"","_exactmetrics_sitenote_category":0,"footnotes":""},"class_list":["post-6653","page","type-page","status-publish","hentry"],"blog_post_layout_featured_media_urls":{"thumbnail":"","full":""},"categories_names":null,"comments_number":"0","wpmagazine_modules_lite_featured_media_urls":{"thumbnail":"","cvmm-medium":"","cvmm-medium-plus":"","cvmm-portrait":"","cvmm-medium-square":"","cvmm-large":"","cvmm-small":"","full":""},"_links":{"self":[{"href":"https:\/\/greenvista.shop\/pt\/wp-json\/wp\/v2\/pages\/6653","targetHints":{"allow":["GET"]}}],"collection":[{"href":"https:\/\/greenvista.shop\/pt\/wp-json\/wp\/v2\/pages"}],"about":[{"href":"https:\/\/greenvista.shop\/pt\/wp-json\/wp\/v2\/types\/page"}],"author":[{"embeddable":true,"href":"https:\/\/greenvista.shop\/pt\/wp-json\/wp\/v2\/users\/1"}],"replies":[{"embeddable":true,"href":"https:\/\/greenvista.shop\/pt\/wp-json\/wp\/v2\/comments?post=6653"}],"version-history":[{"count":1,"href":"https:\/\/greenvista.shop\/pt\/wp-json\/wp\/v2\/pages\/6653\/revisions"}],"predecessor-version":[{"id":6657,"href":"https:\/\/greenvista.shop\/pt\/wp-json\/wp\/v2\/pages\/6653\/revisions\/6657"}],"wp:attachment":[{"href":"https:\/\/greenvista.shop\/pt\/wp-json\/wp\/v2\/media?parent=6653"}],"curies":[{"name":"wp","href":"https:\/\/api.w.org\/{rel}","templated":true}]}}