{"id":6648,"date":"2026-04-07T14:41:36","date_gmt":"2026-04-07T14:41:36","guid":{"rendered":"https:\/\/greenvista.shop\/?page_id=6648"},"modified":"2026-04-07T14:41:38","modified_gmt":"2026-04-07T14:41:38","slug":"termos-de-uso","status":"publish","type":"page","link":"https:\/\/greenvista.shop\/pt\/termos-de-uso\/","title":{"rendered":"Termos de Uso"},"content":{"rendered":"\n<p>Ao acessar o site <strong>Green Vista<\/strong>, voc\u00ea concorda com os seguintes termos:<\/p>\n\n\n\n<p><strong>Uso do conte\u00fado<\/strong><\/p>\n\n\n\n<p>Todo o conte\u00fado publicado no site, incluindo:<\/p>\n\n\n\n<ul class=\"wp-block-list\">\n<li>textos<\/li>\n\n\n\n<li>reviews<\/li>\n\n\n\n<li>guias de compra<\/li>\n\n\n\n<li>imagens<\/li>\n<\/ul>\n\n\n\n<p>\u00e9 destinado apenas para fins informativos.<\/p>\n\n\n\n<p><strong>Propriedade intelectual<\/strong><\/p>\n\n\n\n<p>Todo o conte\u00fado pertence ao <strong>Green Vista<\/strong>, salvo quando indicado.<\/p>\n\n\n\n<p>\u00c9 proibida a reprodu\u00e7\u00e3o sem autoriza\u00e7\u00e3o.<\/p>\n\n\n\n<p><strong>Responsabilidade do usu\u00e1rio<\/strong><\/p>\n\n\n\n<p>O usu\u00e1rio concorda em utilizar o site de forma \u00e9tica e legal, sem tentar comprometer a seguran\u00e7a da plataforma.<\/p>\n\n\n\n<p><strong>Altera\u00e7\u00f5es<\/strong><\/p>\n\n\n\n<p>O Green Vista pode alterar estes termos a qualquer momento.<\/p>\n","protected":false},"excerpt":{"rendered":"<p>Ao acessar o site Green Vista, voc\u00ea concorda com os seguintes termos: Uso do conte\u00fado Todo o conte\u00fado publicado no site, incluindo: textos reviews guias de compra imagens \u00e9 destinado apenas para fins informativos. Propriedade intelectual Todo o conte\u00fado pertence ao Green Vista, salvo quando indicado. \u00c9 proibida a reprodu\u00e7\u00e3o sem autoriza\u00e7\u00e3o. Responsabilidade do usu\u00e1rio [&hellip;]<\/p>\n","protected":false},"author":1,"featured_media":0,"parent":0,"menu_order":0,"comment_status":"closed","ping_status":"closed","template":"","meta":{"_exactmetrics_skip_tracking":false,"_exactmetrics_sitenote_active":false,"_exactmetrics_sitenote_note":"","_exactmetrics_sitenote_category":0,"footnotes":""},"class_list":["post-6648","page","type-page","status-publish","hentry"],"blog_post_layout_featured_media_urls":{"thumbnail":"","full":""},"categories_names":null,"comments_number":"0","wpmagazine_modules_lite_featured_media_urls":{"thumbnail":"","cvmm-medium":"","cvmm-medium-plus":"","cvmm-portrait":"","cvmm-medium-square":"","cvmm-large":"","cvmm-small":"","full":""},"_links":{"self":[{"href":"https:\/\/greenvista.shop\/pt\/wp-json\/wp\/v2\/pages\/6648","targetHints":{"allow":["GET"]}}],"collection":[{"href":"https:\/\/greenvista.shop\/pt\/wp-json\/wp\/v2\/pages"}],"about":[{"href":"https:\/\/greenvista.shop\/pt\/wp-json\/wp\/v2\/types\/page"}],"author":[{"embeddable":true,"href":"https:\/\/greenvista.shop\/pt\/wp-json\/wp\/v2\/users\/1"}],"replies":[{"embeddable":true,"href":"https:\/\/greenvista.shop\/pt\/wp-json\/wp\/v2\/comments?post=6648"}],"version-history":[{"count":1,"href":"https:\/\/greenvista.shop\/pt\/wp-json\/wp\/v2\/pages\/6648\/revisions"}],"predecessor-version":[{"id":6652,"href":"https:\/\/greenvista.shop\/pt\/wp-json\/wp\/v2\/pages\/6648\/revisions\/6652"}],"wp:attachment":[{"href":"https:\/\/greenvista.shop\/pt\/wp-json\/wp\/v2\/media?parent=6648"}],"curies":[{"name":"wp","href":"https:\/\/api.w.org\/{rel}","templated":true}]}}